{"id":6,"date":"2018-04-10T00:21:06","date_gmt":"2018-04-10T00:21:06","guid":{"rendered":"https:\/\/www.sambahamadou.fr\/patisserie\/?page_id=6"},"modified":"2020-12-23T11:17:49","modified_gmt":"2020-12-23T10:17:49","slug":"home","status":"publish","type":"page","link":"https:\/\/www.sambahamadou.fr\/patisserie\/","title":{"rendered":"Home"},"content":{"rendered":"<p>[vc_section full_width=\u00a0\u00bbstretch_row_content\u00a0\u00bb css=\u00a0\u00bb.vc_custom_1585747824521{padding-top: 0px !important;}\u00a0\u00bb el_name=\u00a0\u00bbSamba Hamadou\u00a0\u00bb][vc_row full_width=\u00a0\u00bbstretch_row_content_no_spaces\u00a0\u00bb full_height=\u00a0\u00bbyes\u00a0\u00bb columns_placement=\u00a0\u00bbstretch\u00a0\u00bb equal_height=\u00a0\u00bbyes\u00a0\u00bb content_placement=\u00a0\u00bbmiddle\u00a0\u00bb][vc_column width=\u00a0\u00bb1\/2&Prime; css=\u00a0\u00bb.vc_custom_1559814186224{padding-top: 50px !important;padding-right: 5vw !important;padding-bottom: 50px !important;padding-left: 5vw !important;background-color: #fafafa !important;}\u00a0\u00bb]<div class=\"wpb_content_element \"><style type=\"text\/css\">#ut_header_6a07953162949.pt-style-2 .page-title span:after, #ut_header_6a07953162949.pt-style-2 .parallax-title span:after, #ut_header_6a07953162949.pt-style-2 .section-title span:after {background-color:!important;height: ;width: ;}#ut_header_6a07953162949 h2.section-title { margin-bottom:40px; }<\/style><header id=\"ut_header_6a07953162949\" class=\"section-header ut-no-title-linebreak-mobile ut-no-lead-linebreak-mobile pt-style-2 header-left header-tablet-left header-mobile-center element-with-custom-line-height\"><div class=\"element-with-custom-line-height\" ><h2 data-title=\"Samba Hamadou\"  class=\"section-title  \"><span>Samba Hamadou<\/span><\/h2><\/div><\/header><\/div>[vc_column_text el_class=\u00a0\u00bbjustifier\u00a0\u00bb]Samba est un passionn\u00e9 de boulangerie-p\u00e2tisserie depuis sa plus tendre enfance. Issu d\u2019une famille nombreuse, il pr\u00e9parait des desserts pour ses fr\u00e8res et s\u0153urs. Apr\u00e8s une scolarit\u00e9 difficile, l\u2019apprentissage lui appara\u00eet comme une \u00e9vidence.<\/p>\n<p>Une rencontre a chang\u00e9 sa vie, avec le chef <strong>Philippe Renou,<\/strong> de la <strong>Maison Gosselin,<\/strong> qui lui a inculqu\u00e9 les valeurs du travail bien fait et son amour pour ce beau m\u00e9tier.<\/p>\n<p>A la suite de cette exp\u00e9rience, il continue son parcours et entre en qualit\u00e9 d\u2019apprenti au <strong>Caf\u00e9 de la Paix,<\/strong> \u00e0 Paris, sous la direction du chef <strong>Carl Marletti<\/strong>. Il d\u00e9couvre alors la rigueur des grands restaurants et l\u2019excellence de la cuisine fran\u00e7aise.<\/p>\n<p align=\"justify\">La passion pour le m\u00e9tier est telle qu\u2019il d\u00e9cide de continuer ses \u00e9tudes pour obtenir un brevet de ma\u00eetrise et devient \u00e0 cette occasion apprenti au sein de la <b>Tour d\u2019Argent<\/b> pendant deux ans, qui furent pour lui tr\u00e8s riches. Le chef <b>St\u00e9phane Haissant<\/b> lui propose de l\u2019accompagner en Tha\u00eflande pour travailler dans les prestigieuses cuisines du palace<b> Mandarin Oriental, \u00e0 Bangkok<\/b>. Cela restera une exp\u00e9rience inoubliable.<\/p>\n<p>[\/vc_column_text]<div class=\"wpb_content_element \"><style type=\"text\/css\">#bklyn_btn_6a07953162cc7 .bklyn-btn { border-width:px !important; border-radius:px !important; background-color:#a0872a !important; }#bklyn_btn_6a07953162cc7 .bklyn-btn:hover{ color:#020202 !important; }#bklyn_btn_6a07953162cc7 .bklyn-btn:focus{ color:#020202 !important; }#bklyn_btn_6a07953162cc7 .bklyn-btn:active { color:#020202 !important; }<\/style><div id=\"bklyn_cta_6a07953162cc6\" class=\"bklyn-call-to-action-wrapper\"><div class=\"bklyn-call-to-action-inner clearfix\"><div class=\"bklyn-call-to-action-button-holder\"><div id=\"bklyn_btn_6a07953162cc7\" class=\"bklyn-btn-holder bklyn-btn-center\"><a title=\"Samba Hamadou\" href=\"https:\/\/www.sambahamadou.fr\/patisserie\/samba-hamadou\/\" target=\"_self\" class=\"bklyn-btn bklyn-btn-normal \" >EN SAVOIR +<\/a><\/div><\/div><\/div><\/div><\/div>[\/vc_column][vc_column width=\u00a0\u00bb1\/2&Prime; css=\u00a0\u00bb.vc_custom_1569481979065{margin-top: 0px !important;margin-bottom: 0px !important;padding-top: 0px !important;padding-bottom: 0px !important;}\u00a0\u00bb]<div  class=\"wpb_content_element   vc_custom_1569579546376 clearfix\"><style type=\"text\/css\">#ut_am_6a07953163051 { opacity: 1; }#ut_am_wrap_6a07953163052 { text-align: center; }@media (min-width: 768px) and (max-width: 1024px) { #ut_am_wrap_6a07953163052 { text-align: center !important; } }@media (max-width: 767px) { #ut_am_wrap_6a07953163052 { text-align: center !important; } }<\/style><div id=\"ut_am_wrap_6a07953163052\" class=\"ut-image-gallery-image \"><div id=\"ut_reveal_6a07953163053\"  data-appear-top-offset=\"auto\" class=\"ut-animated-image-item ut-image-gallery-item ut-animation-done \"><a target=\"_self\" href=\"https:\/\/www.sambahamadou.fr\/patisserie\/samba-hamadou\/\" ><div class=\"ut-animated-image-zoom\"><img class=\"ut-lazy skip-lazy ut-animated-image\"  id=\"ut_am_6a07953163051\" src=\"data:image\/svg+xml;charset=utf-8,%3Csvg xmlns%3D'http%3A%2F%2Fwww.w3.org%2F2000%2Fsvg' viewBox%3D'0 0 1000 1600'%2F%3E\" data-src=\"https:\/\/www.sambahamadou.fr\/patisserie\/wp-content\/uploads\/2019\/09\/SAMBA_1000X1600PX.jpg\" width=\"1000\" height=\"1600\" alt=\"Samba Hamadou Boulanger Patissier\"\/><\/div><\/a><\/div><\/div><\/div>[\/vc_column][\/vc_row][\/vc_section][vc_section full_width=\u00a0\u00bbstretch_row_content\u00a0\u00bb el_name=\u00a0\u00bbBoulangerie\u00a0\u00bb css=\u00a0\u00bb.vc_custom_1585747831121{padding-top: 0px !important;padding-bottom: 0px !important;}\u00a0\u00bb][vc_row full_width=\u00a0\u00bbstretch_row_content_no_spaces\u00a0\u00bb full_height=\u00a0\u00bbyes\u00a0\u00bb columns_placement=\u00a0\u00bbstretch\u00a0\u00bb equal_height=\u00a0\u00bbyes\u00a0\u00bb content_placement=\u00a0\u00bbmiddle\u00a0\u00bb][vc_column width=\u00a0\u00bb1\/2&Prime; css=\u00a0\u00bb.vc_custom_1569579280409{margin-top: 0px !important;margin-bottom: 0px !important;padding-top: 0px !important;padding-bottom: 0px !important;}\u00a0\u00bb]<div  class=\"wpb_content_element   vc_custom_1569579568625 clearfix\"><style type=\"text\/css\">#ut_am_6a0795316335a { opacity: 1; }#ut_am_wrap_6a0795316335b { text-align: left; }@media (min-width: 768px) and (max-width: 1024px) { #ut_am_wrap_6a0795316335b { text-align: left !important; } }@media (max-width: 767px) { #ut_am_wrap_6a0795316335b { text-align: center !important; } }<\/style><div id=\"ut_am_wrap_6a0795316335b\" class=\"ut-image-gallery-image \"><div id=\"ut_reveal_6a0795316335c\"  data-appear-top-offset=\"auto\" class=\"ut-animated-image-item ut-image-gallery-item ut-animation-done \"><a target=\"_self\" href=\"https:\/\/www.sambahamadou.fr\/patisserie\/boulangerie\/\" ><div class=\"ut-animated-image-zoom\"><img class=\"ut-lazy skip-lazy ut-animated-image\"  id=\"ut_am_6a0795316335a\" src=\"data:image\/svg+xml;charset=utf-8,%3Csvg xmlns%3D'http%3A%2F%2Fwww.w3.org%2F2000%2Fsvg' viewBox%3D'0 0 1000 1600'%2F%3E\" data-src=\"https:\/\/www.sambahamadou.fr\/patisserie\/wp-content\/uploads\/2019\/09\/BOULANGERIE_1000X1600PX.jpg\" width=\"1000\" height=\"1600\" alt=\"Samba Hamadou Boulanger Patissier\"\/><\/div><\/a><\/div><\/div><\/div>[\/vc_column][vc_column width=\u00a0\u00bb1\/2&Prime; css=\u00a0\u00bb.vc_custom_1569482534937{padding-top: 80px !important;padding-right: 5vw !important;padding-bottom: 40px !important;padding-left: 5vw !important;background-color: #f9f9f9 !important;}\u00a0\u00bb]<div class=\"wpb_content_element \"><style type=\"text\/css\">#ut_header_6a07953163594.pt-style-2 .page-title span:after, #ut_header_6a07953163594.pt-style-2 .parallax-title span:after, #ut_header_6a07953163594.pt-style-2 .section-title span:after {background-color:!important;height: ;width: ;}#ut_header_6a07953163594 h2.section-title { margin-bottom:40px; }<\/style><header id=\"ut_header_6a07953163594\" class=\"section-header ut-no-title-linebreak-mobile ut-no-lead-linebreak-mobile pt-style-2 header-left header-tablet-left header-mobile-center element-with-custom-line-height\"><div class=\"element-with-custom-line-height\" ><h2 data-title=\"La boulangerie\"  class=\"section-title  \"><span>La boulangerie<\/span><\/h2><\/div><\/header><\/div>[vc_column_text el_class=\u00a0\u00bbjustifier\u00a0\u00bb]Aujourd\u2019hui, nous sommes fiers de travailler avec des moulins locaux qui ont une charte de qualit\u00e9 exigeante.<\/p>\n<p>Tous nos pains sont faits de fa\u00e7ons traditionnelles et fa\u00e7onn\u00e9s \u00e0 la main par notre \u00e9quipe de boulangers amoureux du travail bien fait.[\/vc_column_text]<div class=\"wpb_content_element \"><style type=\"text\/css\">#bklyn_btn_6a079531638b8 .bklyn-btn { border-width:px !important; border-radius:px !important; background-color:#a0872a !important; }#bklyn_btn_6a079531638b8 .bklyn-btn:hover{ color:#020202 !important; }#bklyn_btn_6a079531638b8 .bklyn-btn:focus{ color:#020202 !important; }#bklyn_btn_6a079531638b8 .bklyn-btn:active { color:#020202 !important; }<\/style><div id=\"bklyn_cta_6a079531638b7\" class=\"bklyn-call-to-action-wrapper\"><div class=\"bklyn-call-to-action-inner clearfix\"><div class=\"bklyn-call-to-action-button-holder\"><div id=\"bklyn_btn_6a079531638b8\" class=\"bklyn-btn-holder bklyn-btn-center\"><a title=\"Samba Hamadou\" href=\"https:\/\/www.sambahamadou.fr\/patisserie\/boulangerie\/\" target=\"_self\" class=\"bklyn-btn bklyn-btn-normal \" >EN SAVOIR +<\/a><\/div><\/div><\/div><\/div><\/div>[\/vc_column][\/vc_row][\/vc_section][vc_section full_width=\u00a0\u00bbstretch_row_content\u00a0\u00bb el_name=\u00a0\u00bbPatisserie\u00a0\u00bb css=\u00a0\u00bb.vc_custom_1569483141285{padding-top: 0px !important;padding-bottom: 0px !important;}\u00a0\u00bb][vc_row full_width=\u00a0\u00bbstretch_row_content_no_spaces\u00a0\u00bb full_height=\u00a0\u00bbyes\u00a0\u00bb columns_placement=\u00a0\u00bbstretch\u00a0\u00bb equal_height=\u00a0\u00bbyes\u00a0\u00bb content_placement=\u00a0\u00bbmiddle\u00a0\u00bb][vc_column width=\u00a0\u00bb1\/2&Prime; css=\u00a0\u00bb.vc_custom_1569482589573{padding-top: 30px !important;padding-right: 5vw !important;padding-bottom: 30px !important;padding-left: 5vw !important;background-color: #fafafa !important;}\u00a0\u00bb]<div class=\"wpb_content_element \"><style type=\"text\/css\">#ut_header_6a07953163a97.pt-style-2 .page-title span:after, #ut_header_6a07953163a97.pt-style-2 .parallax-title span:after, #ut_header_6a07953163a97.pt-style-2 .section-title span:after {background-color:!important;height: ;width: ;}#ut_header_6a07953163a97 h2.section-title { margin-bottom:40px; }<\/style><header id=\"ut_header_6a07953163a97\" class=\"section-header ut-no-title-linebreak-mobile ut-no-lead-linebreak-mobile pt-style-2 header-left header-tablet-left header-mobile-center element-with-custom-line-height\"><div class=\"element-with-custom-line-height\" ><h2 data-title=\"La p\u00e2tisserie\"  class=\"section-title  \"><span>La p\u00e2tisserie<\/span><\/h2><\/div><\/header><\/div>[vc_column_text el_class=\u00a0\u00bbjustifier\u00a0\u00bb]Toutes nos p\u00e2tisseries sont faites maison par notre \u00e9quipe de p\u00e2tissiers passionn\u00e9s.<\/p>\n<p>Les mati\u00e8res premi\u00e8res sont s\u00e9lectionn\u00e9es avec soin pour pouvoir offrir un produit de qualit\u00e9.<\/p>\n<p>De l\u2019\u00e9clair traditionnel aux cr\u00e9ations du chef, en passant par le g\u00e2teau sur mesure, nous mettrons tout en \u0153uvre pour satisfaire vos papilles.[\/vc_column_text]<div class=\"wpb_content_element \"><style type=\"text\/css\">#bklyn_btn_6a07953163d8d .bklyn-btn { border-width:px !important; border-radius:px !important; background-color:#a0872a !important; }#bklyn_btn_6a07953163d8d .bklyn-btn:hover{ color:#020202 !important; }#bklyn_btn_6a07953163d8d .bklyn-btn:focus{ color:#020202 !important; }#bklyn_btn_6a07953163d8d .bklyn-btn:active { color:#020202 !important; }<\/style><div id=\"bklyn_cta_6a07953163d8c\" class=\"bklyn-call-to-action-wrapper\"><div class=\"bklyn-call-to-action-inner clearfix\"><div class=\"bklyn-call-to-action-button-holder\"><div id=\"bklyn_btn_6a07953163d8d\" class=\"bklyn-btn-holder bklyn-btn-center\"><a title=\"Samba Hamadou\" href=\"https:\/\/www.sambahamadou.fr\/patisserie\/patissier\/\" target=\"_self\" class=\"bklyn-btn bklyn-btn-normal \" >EN SAVOIR +<\/a><\/div><\/div><\/div><\/div><\/div>[\/vc_column][vc_column width=\u00a0\u00bb1\/2&Prime; css=\u00a0\u00bb.vc_custom_1569579296798{margin-top: 0px !important;margin-bottom: 0px !important;padding-top: 0px !important;padding-bottom: 0px !important;}\u00a0\u00bb]<div  class=\"wpb_content_element   vc_custom_1569579589117 clearfix\"><style type=\"text\/css\">#ut_am_6a0795316408c { opacity: 1; }#ut_am_wrap_6a0795316408d { text-align: left; }@media (min-width: 768px) and (max-width: 1024px) { #ut_am_wrap_6a0795316408d { text-align: left !important; } }@media (max-width: 767px) { #ut_am_wrap_6a0795316408d { text-align: center !important; } }<\/style><div id=\"ut_am_wrap_6a0795316408d\" class=\"ut-image-gallery-image \"><div id=\"ut_reveal_6a0795316408e\"  data-appear-top-offset=\"auto\" class=\"ut-animated-image-item ut-image-gallery-item ut-animation-done \"><a target=\"_self\" href=\"https:\/\/www.sambahamadou.fr\/patisserie\/patissier\/\" ><div class=\"ut-animated-image-zoom\"><img class=\"ut-lazy skip-lazy ut-animated-image\"  id=\"ut_am_6a0795316408c\" src=\"data:image\/svg+xml;charset=utf-8,%3Csvg xmlns%3D'http%3A%2F%2Fwww.w3.org%2F2000%2Fsvg' viewBox%3D'0 0 1000 1600'%2F%3E\" data-src=\"https:\/\/www.sambahamadou.fr\/patisserie\/wp-content\/uploads\/2019\/09\/PATISSERIE_1000X1600PX.jpg\" width=\"1000\" height=\"1600\" alt=\"Samba Hamadou Boulanger Patissier\"\/><\/div><\/a><\/div><\/div><\/div>[\/vc_column][\/vc_row][\/vc_section]<\/p>\n","protected":false},"excerpt":{"rendered":"<p>[vc_section full_width=\u00a0\u00bbstretch_row_content\u00a0\u00bb css=\u00a0\u00bb.vc_custom_1585747824521{padding-top: 0px !important;}\u00a0\u00bb el_name=\u00a0\u00bbSamba Hamadou\u00a0\u00bb][vc_row full_width=\u00a0\u00bbstretch_row_content_no_spaces\u00a0\u00bb full_height=\u00a0\u00bbyes\u00a0\u00bb columns_placement=\u00a0\u00bbstretch\u00a0\u00bb equal_height=\u00a0\u00bbyes\u00a0\u00bb content_placement=\u00a0\u00bbmiddle\u00a0\u00bb][vc_column width=\u00a0\u00bb1\/2&Prime; css=\u00a0\u00bb.vc_custom_1559814186224{padding-top: 50px !important;padding-right: 5vw !important;padding-bottom: 50px !important;padding-left: 5vw !important;background-color: #fafafa !important;}\u00a0\u00bb][vc_column_text el_class=\u00a0\u00bbjustifier\u00a0\u00bb]Samba est un passionn\u00e9 de boulangerie-p\u00e2tisserie depuis sa plus tendre enfance. Issu d\u2019une famille nombreuse, il pr\u00e9parait des desserts pour ses fr\u00e8res et s\u0153urs. Apr\u00e8s une scolarit\u00e9 difficile, l\u2019apprentissage lui appara\u00eet [&hellip;]<\/p>\n","protected":false},"author":1,"featured_media":0,"parent":0,"menu_order":0,"comment_status":"closed","ping_status":"closed","template":"","meta":[],"yoast_head":"<!-- This site is optimized with the Yoast SEO plugin v16.0.2 - https:\/\/yoast.com\/wordpress\/plugins\/seo\/ -->\n<title>Samba Hamadou - Artisan boulangerie et patisserie<\/title>\n<meta name=\"description\" content=\"De l\u2019\u00e9clair traditionnel aux cr\u00e9ations du chef. En cr\u00e9ant vos g\u00e2teaux sur mesure, nous mettrons toute en \u0153uvre pour satisfaire vos papilles. Tous nos pains sont faits de mani\u00e8re traditionnelle.\" \/>\n<link rel=\"canonical\" href=\"https:\/\/www.sambahamadou.fr\/patisserie\/\" \/>\n<meta property=\"og:locale\" content=\"fr_FR\" \/>\n<meta property=\"og:type\" content=\"article\" \/>\n<meta property=\"og:title\" content=\"Samba Hamadou - Artisan boulangerie et patisserie\" \/>\n<meta property=\"og:description\" content=\"De l\u2019\u00e9clair traditionnel aux cr\u00e9ations du chef. En cr\u00e9ant vos g\u00e2teaux sur mesure, nous mettrons toute en \u0153uvre pour satisfaire vos papilles. Tous nos pains sont faits de mani\u00e8re traditionnelle.\" \/>\n<meta property=\"og:url\" content=\"https:\/\/www.sambahamadou.fr\/patisserie\/\" \/>\n<meta property=\"og:site_name\" content=\"Samba Hamadou\" \/>\n<meta property=\"article:modified_time\" content=\"2020-12-23T10:17:49+00:00\" \/>\n<meta name=\"twitter:card\" content=\"summary_large_image\" \/>\n<meta name=\"twitter:label1\" content=\"Dur\u00e9e de lecture est.\">\n\t<meta name=\"twitter:data1\" content=\"4 minutes\">\n<script type=\"application\/ld+json\" class=\"yoast-schema-graph\">{\"@context\":\"https:\/\/schema.org\",\"@graph\":[{\"@type\":\"WebSite\",\"@id\":\"https:\/\/www.sambahamadou.fr\/patisserie\/#website\",\"url\":\"https:\/\/www.sambahamadou.fr\/patisserie\/\",\"name\":\"Samba Hamadou\",\"description\":\"Boulanger p\\u00e2tissier artisan cr\\u00e9ateur\",\"potentialAction\":[{\"@type\":\"SearchAction\",\"target\":\"https:\/\/www.sambahamadou.fr\/patisserie\/?s={search_term_string}\",\"query-input\":\"required name=search_term_string\"}],\"inLanguage\":\"fr-FR\"},{\"@type\":\"WebPage\",\"@id\":\"https:\/\/www.sambahamadou.fr\/patisserie\/#webpage\",\"url\":\"https:\/\/www.sambahamadou.fr\/patisserie\/\",\"name\":\"Samba Hamadou - Artisan boulangerie et patisserie\",\"isPartOf\":{\"@id\":\"https:\/\/www.sambahamadou.fr\/patisserie\/#website\"},\"datePublished\":\"2018-04-10T00:21:06+00:00\",\"dateModified\":\"2020-12-23T10:17:49+00:00\",\"description\":\"De l\\u2019\\u00e9clair traditionnel aux cr\\u00e9ations du chef. En cr\\u00e9ant vos g\\u00e2teaux sur mesure, nous mettrons toute en \\u0153uvre pour satisfaire vos papilles. Tous nos pains sont faits de mani\\u00e8re traditionnelle.\",\"breadcrumb\":{\"@id\":\"https:\/\/www.sambahamadou.fr\/patisserie\/#breadcrumb\"},\"inLanguage\":\"fr-FR\",\"potentialAction\":[{\"@type\":\"ReadAction\",\"target\":[\"https:\/\/www.sambahamadou.fr\/patisserie\/\"]}]},{\"@type\":\"BreadcrumbList\",\"@id\":\"https:\/\/www.sambahamadou.fr\/patisserie\/#breadcrumb\",\"itemListElement\":[{\"@type\":\"ListItem\",\"position\":1,\"item\":{\"@type\":\"WebPage\",\"@id\":\"https:\/\/www.sambahamadou.fr\/patisserie\/\",\"url\":\"https:\/\/www.sambahamadou.fr\/patisserie\/\",\"name\":\"Accueil\"}},{\"@type\":\"ListItem\",\"position\":2,\"item\":{\"@type\":\"WebPage\",\"@id\":\"https:\/\/www.sambahamadou.fr\/patisserie\/\",\"url\":\"https:\/\/www.sambahamadou.fr\/patisserie\/\",\"name\":\"Home\"}}]}]}<\/script>\n<!-- \/ Yoast SEO plugin. -->","_links":{"self":[{"href":"https:\/\/www.sambahamadou.fr\/patisserie\/wp-json\/wp\/v2\/pages\/6"}],"collection":[{"href":"https:\/\/www.sambahamadou.fr\/patisserie\/wp-json\/wp\/v2\/pages"}],"about":[{"href":"https:\/\/www.sambahamadou.fr\/patisserie\/wp-json\/wp\/v2\/types\/page"}],"author":[{"embeddable":true,"href":"https:\/\/www.sambahamadou.fr\/patisserie\/wp-json\/wp\/v2\/users\/1"}],"replies":[{"embeddable":true,"href":"https:\/\/www.sambahamadou.fr\/patisserie\/wp-json\/wp\/v2\/comments?post=6"}],"version-history":[{"count":120,"href":"https:\/\/www.sambahamadou.fr\/patisserie\/wp-json\/wp\/v2\/pages\/6\/revisions"}],"predecessor-version":[{"id":992,"href":"https:\/\/www.sambahamadou.fr\/patisserie\/wp-json\/wp\/v2\/pages\/6\/revisions\/992"}],"wp:attachment":[{"href":"https:\/\/www.sambahamadou.fr\/patisserie\/wp-json\/wp\/v2\/media?parent=6"}],"curies":[{"name":"wp","href":"https:\/\/api.w.org\/{rel}","templated":true}]}}