{"id":497,"date":"2019-06-07T09:18:49","date_gmt":"2019-06-07T07:18:49","guid":{"rendered":"https:\/\/www.sambahamadou.fr\/patisserie\/?page_id=497"},"modified":"2019-09-03T15:58:58","modified_gmt":"2019-09-03T13:58:58","slug":"boulangerie","status":"publish","type":"page","link":"https:\/\/www.sambahamadou.fr\/patisserie\/boulangerie\/","title":{"rendered":"Boulangerie"},"content":{"rendered":"<p>[vc_section el_name=\u00a0\u00bbAbout Us\u00a0\u00bb][vc_row equal_height=\u00a0\u00bbyes\u00a0\u00bb content_placement=\u00a0\u00bbtop\u00a0\u00bb][vc_column width=\u00a0\u00bb1\/2&Prime;]<div class=\"wpb_content_element \"><style type=\"text\/css\">#ut_header_69e086f106ddb.pt-style-2 .page-title span:after, #ut_header_69e086f106ddb.pt-style-2 .parallax-title span:after, #ut_header_69e086f106ddb.pt-style-2 .section-title span:after {background-color:!important;height: ;width: ;}<\/style><header id=\"ut_header_69e086f106ddb\" class=\"section-header ut-no-title-linebreak-mobile ut-no-lead-linebreak-mobile pt-style-2 header-left header-tablet-left header-mobile-center element-with-custom-line-height\"><div class=\"element-with-custom-line-height\" ><h2 data-title=\"La boulangerie\"  class=\"section-title  \"><span>La boulangerie<\/span><\/h2><\/div><\/header><\/div>[\/vc_column][vc_column width=\u00a0\u00bb1\/2&Prime;][vc_column_text el_class=\u00a0\u00bbjustifier\u00a0\u00bb]Nous proposons un choix complet de vari\u00e9t\u00e9s de pains. Pain complet, au levain, \u00e0 l\u2019abricot, aux noisettes, aux figues, aux noix &#8230; Les fougasses aux olives sont autant un r\u00e9gal pour la vue que pour vos papilles, sans oublier la fameuse \u00ab\u00a0Baguette de tradition\u00a0\u00bb.<\/p>\n<p><span style=\"color: #cc3300;\"><a style=\"color: #cc3300;\" href=\"https:\/\/www.sambahamadou.fr\/patisserie\/wp-content\/uploads\/2019\/06\/RDB_QUALITE_BLES_180X240_BAT_VECTO-1.pdf\" target=\"_blank\" rel=\"noopener noreferrer\">NOS ENGAGEMENTS QUALIT\u00c9<\/a><\/span><\/p>\n<p>Au sein de nos boulangeries-p\u00e2tisseries, nos produits sont fa\u00e7onn\u00e9s \u00e0 partir d\u2019une farine Label Rouge de qualit\u00e9 sans aucun additif.<br \/>\nNos farines sont d\u2019origine fran\u00e7aise, fabriqu\u00e9es aux Moulins Bourgeois, moulin familial situ\u00e9 en Seine et Marne.<br \/>\nLe Bl\u00e9 d\u2019origine fran\u00e7aise est conserv\u00e9 sans traitement apr\u00e8s r\u00e9colte.[\/vc_column_text]<div class=\"wpb_content_element   clearfix\"><style type=\"text\/css\">#ut_ig_69e086f10714b .ut-lazy:not(.ut-image-loaded) + .ut-video-module-loading { display:block; }#ut_ig_69e086f10714b .ut-lazy.ut-image-loaded + .ut-video-module-loading { display:none; }<\/style><div id=\"ut_ig_69e086f10714b\" class=\"ut-image-gallery ut-image-gallery-module  clearfix\" data-settings=\"{&quot;animate&quot;:true,&quot;effect&quot;:&quot;&quot;,&quot;lazy&quot;:true,&quot;delay_animation&quot;:false,&quot;global_delay_animation&quot;:false,&quot;delay_timer&quot;:100,&quot;global_delay_timer&quot;:100}\"><div  data-count=\"1\" class=\"ut-image-gallery-item ut-animation-done grid-100 tablet-grid-100 mobile-grid-100 \"><a  class=\"ut-vc-images-lightbox ut-vc-images-lightbox-group-image \" data-sub-html=\"#ut-image-caption-649\" data-exthumbimage=\"https:\/\/www.sambahamadou.fr\/patisserie\/wp-content\/uploads\/2019\/06\/LOGOS_MOULINS_BOURGEOIS_REINE-DES-BLES.jpg\" href=\"https:\/\/www.sambahamadou.fr\/patisserie\/wp-content\/uploads\/2019\/06\/LOGOS_MOULINS_BOURGEOIS_REINE-DES-BLES.jpg\" ><div class=\"ut-image-gallery-image\" ><img  class=\" ut-lazy skip-lazy\" src=\"data:image\/svg+xml;charset=utf-8,%3Csvg xmlns%3D'http%3A%2F%2Fwww.w3.org%2F2000%2Fsvg' viewBox%3D'0 0 702 179'%2F%3E\" data-src=\"https:\/\/www.sambahamadou.fr\/patisserie\/wp-content\/uploads\/2019\/06\/LOGOS_MOULINS_BOURGEOIS_REINE-DES-BLES.jpg\" width=\"702\" height=\"179\"><\/div><div id=\"ut-image-caption-649\" class=\"ut-vc-images-lightbox-caption\">Samba Hamadou<\/div><\/a><\/div><div class=\"clear\"><\/div><\/div><\/div>[\/vc_column][\/vc_row][vc_row full_width=\u00a0\u00bbstretch_row_content_no_spaces\u00a0\u00bb][vc_column]<div class=\"wpb_content_element ut-gallery-40  clearfix\"><style type=\"text\/css\">#ut_ig_69e086f1076e5 .ut-lazy:not(.ut-image-loaded) + .ut-video-module-loading { display:block; }#ut_ig_69e086f1076e5 .ut-lazy.ut-image-loaded + .ut-video-module-loading { display:none; }#ut_ig_69e086f1076e5 .ut-animate-gallery-element { opacity: 0; }#ut_ig_69e086f1076e5 .ut-gallery-slider-caption { font-weight: bold; }#ut_ig_69e086f1076e5 .sk-fading-circle .sk-circle::before { background-color: rgba(21,21,21,0.5); }<\/style><div id=\"ut_ig_69e086f1076e5\" class=\"ut-image-gallery ut-image-gallery-module  ut-image-gallery-40 clearfix\" data-settings=\"{&quot;animate&quot;:true,&quot;effect&quot;:&quot;fadeIn&quot;,&quot;lazy&quot;:true,&quot;delay_animation&quot;:true,&quot;global_delay_animation&quot;:false,&quot;delay_timer&quot;:&quot;50&quot;,&quot;global_delay_timer&quot;:100}\"><div data-effect=\"fadeIn\" data-animateonce=\"yes\" data-count=\"6\" class=\"ut-image-gallery-item ut-animate-gallery-element animated ut-no-animation-tablet ut-no-animation-mobile  grid-33 tablet-grid-33 mobile-grid-100 \"><a  class=\"ut-vc-images-lightbox ut-vc-images-lightbox-group-image \" data-sub-html=\"#ut-image-caption-499\" data-exthumbimage=\"https:\/\/www.sambahamadou.fr\/patisserie\/wp-content\/uploads\/2019\/06\/PAGE_BOULANGERIE_1.jpg\" href=\"https:\/\/www.sambahamadou.fr\/patisserie\/wp-content\/uploads\/2019\/06\/PAGE_BOULANGERIE_1.jpg\" ><div class=\"ut-image-gallery-image\" ><img  class=\" ut-lazy skip-lazy\" src=\"data:image\/svg+xml;charset=utf-8,%3Csvg xmlns%3D'http%3A%2F%2Fwww.w3.org%2F2000%2Fsvg' viewBox%3D'0 0 1300 867'%2F%3E\" data-src=\"https:\/\/www.sambahamadou.fr\/patisserie\/wp-content\/uploads\/2019\/06\/PAGE_BOULANGERIE_1-1300x867.jpg\" width=\"1300\" height=\"867\"><div class=\"ut-video-module-loading\"><div class=\"sk-fading-circle\"><div class=\"sk-circle1 sk-circle\"><\/div><div class=\"sk-circle2 sk-circle\"><\/div><div class=\"sk-circle3 sk-circle\"><\/div><div class=\"sk-circle4 sk-circle\"><\/div><div class=\"sk-circle5 sk-circle\"><\/div><div class=\"sk-circle6 sk-circle\"><\/div><div class=\"sk-circle7 sk-circle\"><\/div><div class=\"sk-circle8 sk-circle\"><\/div><div class=\"sk-circle9 sk-circle\"><\/div><div class=\"sk-circle10 sk-circle\"><\/div><div class=\"sk-circle11 sk-circle\"><\/div><div class=\"sk-circle12 sk-circle\"><\/div><\/div><\/div><\/div><div id=\"ut-image-caption-499\" class=\"ut-vc-images-lightbox-caption\">Nos petits-d\u00e9jeuners<\/div><\/a><div class=\"ut-gallery-slider-caption\">Nos petits-d\u00e9jeuners<\/div><\/div><div data-effect=\"fadeIn\" data-animateonce=\"yes\" data-count=\"6\" class=\"ut-image-gallery-item ut-animate-gallery-element animated ut-no-animation-tablet ut-no-animation-mobile   grid-33 tablet-grid-33 mobile-grid-100 \"><a  class=\"ut-vc-images-lightbox ut-vc-images-lightbox-group-image \" data-sub-html=\"#ut-image-caption-500\" data-exthumbimage=\"https:\/\/www.sambahamadou.fr\/patisserie\/wp-content\/uploads\/2019\/06\/PAGE_BOULANGERIE_2.jpg\" href=\"https:\/\/www.sambahamadou.fr\/patisserie\/wp-content\/uploads\/2019\/06\/PAGE_BOULANGERIE_2.jpg\" ><div class=\"ut-image-gallery-image\" ><img  class=\" ut-lazy skip-lazy\" src=\"data:image\/svg+xml;charset=utf-8,%3Csvg xmlns%3D'http%3A%2F%2Fwww.w3.org%2F2000%2Fsvg' viewBox%3D'0 0 1300 867'%2F%3E\" data-src=\"https:\/\/www.sambahamadou.fr\/patisserie\/wp-content\/uploads\/2019\/06\/PAGE_BOULANGERIE_2-1300x867.jpg\" width=\"1300\" height=\"867\"><div class=\"ut-video-module-loading\"><div class=\"sk-fading-circle\"><div class=\"sk-circle1 sk-circle\"><\/div><div class=\"sk-circle2 sk-circle\"><\/div><div class=\"sk-circle3 sk-circle\"><\/div><div class=\"sk-circle4 sk-circle\"><\/div><div class=\"sk-circle5 sk-circle\"><\/div><div class=\"sk-circle6 sk-circle\"><\/div><div class=\"sk-circle7 sk-circle\"><\/div><div class=\"sk-circle8 sk-circle\"><\/div><div class=\"sk-circle9 sk-circle\"><\/div><div class=\"sk-circle10 sk-circle\"><\/div><div class=\"sk-circle11 sk-circle\"><\/div><div class=\"sk-circle12 sk-circle\"><\/div><\/div><\/div><\/div><div id=\"ut-image-caption-500\" class=\"ut-vc-images-lightbox-caption\">Les brioches pur beurre<\/div><\/a><div class=\"ut-gallery-slider-caption\">Les brioches pur beurre<\/div><\/div><div data-effect=\"fadeIn\" data-animateonce=\"yes\" data-count=\"3\" class=\"ut-image-gallery-item ut-animate-gallery-element animated ut-no-animation-tablet ut-no-animation-mobile    grid-33 tablet-grid-33 mobile-grid-100 ut-tablet-last ut-desktop-last\"><a  class=\"ut-vc-images-lightbox ut-vc-images-lightbox-group-image \" data-sub-html=\"#ut-image-caption-501\" data-exthumbimage=\"https:\/\/www.sambahamadou.fr\/patisserie\/wp-content\/uploads\/2019\/06\/PAGE_BOULANGERIE_3.jpg\" href=\"https:\/\/www.sambahamadou.fr\/patisserie\/wp-content\/uploads\/2019\/06\/PAGE_BOULANGERIE_3.jpg\" ><div class=\"ut-image-gallery-image\" ><img  class=\" ut-lazy skip-lazy\" src=\"data:image\/svg+xml;charset=utf-8,%3Csvg xmlns%3D'http%3A%2F%2Fwww.w3.org%2F2000%2Fsvg' viewBox%3D'0 0 1300 867'%2F%3E\" data-src=\"https:\/\/www.sambahamadou.fr\/patisserie\/wp-content\/uploads\/2019\/06\/PAGE_BOULANGERIE_3-1300x867.jpg\" width=\"1300\" height=\"867\"><div class=\"ut-video-module-loading\"><div class=\"sk-fading-circle\"><div class=\"sk-circle1 sk-circle\"><\/div><div class=\"sk-circle2 sk-circle\"><\/div><div class=\"sk-circle3 sk-circle\"><\/div><div class=\"sk-circle4 sk-circle\"><\/div><div class=\"sk-circle5 sk-circle\"><\/div><div class=\"sk-circle6 sk-circle\"><\/div><div class=\"sk-circle7 sk-circle\"><\/div><div class=\"sk-circle8 sk-circle\"><\/div><div class=\"sk-circle9 sk-circle\"><\/div><div class=\"sk-circle10 sk-circle\"><\/div><div class=\"sk-circle11 sk-circle\"><\/div><div class=\"sk-circle12 sk-circle\"><\/div><\/div><\/div><\/div><div id=\"ut-image-caption-501\" class=\"ut-vc-images-lightbox-caption\">Les muffins aux deux chocolats<\/div><\/a><div class=\"ut-gallery-slider-caption\">Les muffins aux deux chocolats<\/div><\/div><div class=\"clear hide-on-tablet\"><\/div><div data-effect=\"fadeIn\" data-animateonce=\"yes\" data-count=\"3\" class=\"ut-image-gallery-item ut-animate-gallery-element animated ut-no-animation-tablet ut-no-animation-mobile     grid-33 tablet-grid-33 mobile-grid-100 \"><a  class=\"ut-vc-images-lightbox ut-vc-images-lightbox-group-image \" data-sub-html=\"#ut-image-caption-502\" data-exthumbimage=\"https:\/\/www.sambahamadou.fr\/patisserie\/wp-content\/uploads\/2019\/06\/PAGE_BOULANGERIE_4.jpg\" href=\"https:\/\/www.sambahamadou.fr\/patisserie\/wp-content\/uploads\/2019\/06\/PAGE_BOULANGERIE_4.jpg\" ><div class=\"ut-image-gallery-image\" ><img  class=\" ut-lazy skip-lazy\" src=\"data:image\/svg+xml;charset=utf-8,%3Csvg xmlns%3D'http%3A%2F%2Fwww.w3.org%2F2000%2Fsvg' viewBox%3D'0 0 1300 867'%2F%3E\" data-src=\"https:\/\/www.sambahamadou.fr\/patisserie\/wp-content\/uploads\/2019\/06\/PAGE_BOULANGERIE_4-1300x867.jpg\" width=\"1300\" height=\"867\"><div class=\"ut-video-module-loading\"><div class=\"sk-fading-circle\"><div class=\"sk-circle1 sk-circle\"><\/div><div class=\"sk-circle2 sk-circle\"><\/div><div class=\"sk-circle3 sk-circle\"><\/div><div class=\"sk-circle4 sk-circle\"><\/div><div class=\"sk-circle5 sk-circle\"><\/div><div class=\"sk-circle6 sk-circle\"><\/div><div class=\"sk-circle7 sk-circle\"><\/div><div class=\"sk-circle8 sk-circle\"><\/div><div class=\"sk-circle9 sk-circle\"><\/div><div class=\"sk-circle10 sk-circle\"><\/div><div class=\"sk-circle11 sk-circle\"><\/div><div class=\"sk-circle12 sk-circle\"><\/div><\/div><\/div><\/div><div id=\"ut-image-caption-502\" class=\"ut-vc-images-lightbox-caption\">Les belles traditions<\/div><\/a><div class=\"ut-gallery-slider-caption\">Les belles traditions<\/div><\/div><div data-effect=\"fadeIn\" data-animateonce=\"yes\" data-count=\"3\" class=\"ut-image-gallery-item ut-animate-gallery-element animated ut-no-animation-tablet ut-no-animation-mobile      grid-33 tablet-grid-33 mobile-grid-100 \"><a  class=\"ut-vc-images-lightbox ut-vc-images-lightbox-group-image \" data-sub-html=\"#ut-image-caption-503\" data-exthumbimage=\"https:\/\/www.sambahamadou.fr\/patisserie\/wp-content\/uploads\/2019\/06\/PAGE_BOULANGERIE_5.jpg\" href=\"https:\/\/www.sambahamadou.fr\/patisserie\/wp-content\/uploads\/2019\/06\/PAGE_BOULANGERIE_5.jpg\" ><div class=\"ut-image-gallery-image\" ><img  class=\" ut-lazy skip-lazy\" src=\"data:image\/svg+xml;charset=utf-8,%3Csvg xmlns%3D'http%3A%2F%2Fwww.w3.org%2F2000%2Fsvg' viewBox%3D'0 0 1300 867'%2F%3E\" data-src=\"https:\/\/www.sambahamadou.fr\/patisserie\/wp-content\/uploads\/2019\/06\/PAGE_BOULANGERIE_5-1300x867.jpg\" width=\"1300\" height=\"867\"><div class=\"ut-video-module-loading\"><div class=\"sk-fading-circle\"><div class=\"sk-circle1 sk-circle\"><\/div><div class=\"sk-circle2 sk-circle\"><\/div><div class=\"sk-circle3 sk-circle\"><\/div><div class=\"sk-circle4 sk-circle\"><\/div><div class=\"sk-circle5 sk-circle\"><\/div><div class=\"sk-circle6 sk-circle\"><\/div><div class=\"sk-circle7 sk-circle\"><\/div><div class=\"sk-circle8 sk-circle\"><\/div><div class=\"sk-circle9 sk-circle\"><\/div><div class=\"sk-circle10 sk-circle\"><\/div><div class=\"sk-circle11 sk-circle\"><\/div><div class=\"sk-circle12 sk-circle\"><\/div><\/div><\/div><\/div><div id=\"ut-image-caption-503\" class=\"ut-vc-images-lightbox-caption\">Nos pains \u00e0 hamburger<\/div><\/a><div class=\"ut-gallery-slider-caption\">Nos pains \u00e0 hamburger<\/div><\/div><div data-effect=\"fadeIn\" data-animateonce=\"yes\" data-count=\"3\" class=\"ut-image-gallery-item ut-animate-gallery-element animated ut-no-animation-tablet ut-no-animation-mobile       grid-33 tablet-grid-33 mobile-grid-100 \"><a  class=\"ut-vc-images-lightbox ut-vc-images-lightbox-group-image \" data-sub-html=\"#ut-image-caption-504\" data-exthumbimage=\"https:\/\/www.sambahamadou.fr\/patisserie\/wp-content\/uploads\/2019\/06\/PAGE_BOULANGERIE_6.jpg\" href=\"https:\/\/www.sambahamadou.fr\/patisserie\/wp-content\/uploads\/2019\/06\/PAGE_BOULANGERIE_6.jpg\" ><div class=\"ut-image-gallery-image\" ><img  class=\" ut-lazy skip-lazy\" src=\"data:image\/svg+xml;charset=utf-8,%3Csvg xmlns%3D'http%3A%2F%2Fwww.w3.org%2F2000%2Fsvg' viewBox%3D'0 0 1300 867'%2F%3E\" data-src=\"https:\/\/www.sambahamadou.fr\/patisserie\/wp-content\/uploads\/2019\/06\/PAGE_BOULANGERIE_6-1300x867.jpg\" width=\"1300\" height=\"867\"><div class=\"ut-video-module-loading\"><div class=\"sk-fading-circle\"><div class=\"sk-circle1 sk-circle\"><\/div><div class=\"sk-circle2 sk-circle\"><\/div><div class=\"sk-circle3 sk-circle\"><\/div><div class=\"sk-circle4 sk-circle\"><\/div><div class=\"sk-circle5 sk-circle\"><\/div><div class=\"sk-circle6 sk-circle\"><\/div><div class=\"sk-circle7 sk-circle\"><\/div><div class=\"sk-circle8 sk-circle\"><\/div><div class=\"sk-circle9 sk-circle\"><\/div><div class=\"sk-circle10 sk-circle\"><\/div><div class=\"sk-circle11 sk-circle\"><\/div><div class=\"sk-circle12 sk-circle\"><\/div><\/div><\/div><\/div><div id=\"ut-image-caption-504\" class=\"ut-vc-images-lightbox-caption\">Les madeleines fondantes<\/div><\/a><div class=\"ut-gallery-slider-caption\">Les madeleines fondantes<\/div><\/div><div class=\"clear\"><\/div><\/div><\/div>[\/vc_column][\/vc_row][\/vc_section]<\/p>\n","protected":false},"excerpt":{"rendered":"<p>[vc_section el_name=\u00a0\u00bbAbout Us\u00a0\u00bb][vc_row equal_height=\u00a0\u00bbyes\u00a0\u00bb content_placement=\u00a0\u00bbtop\u00a0\u00bb][vc_column width=\u00a0\u00bb1\/2&Prime;][\/vc_column][vc_column width=\u00a0\u00bb1\/2&Prime;][vc_column_text el_class=\u00a0\u00bbjustifier\u00a0\u00bb]Nous proposons un choix complet de vari\u00e9t\u00e9s de pains. Pain complet, au levain, \u00e0 l\u2019abricot, aux noisettes, aux figues, aux noix &#8230; Les fougasses aux olives sont autant un r\u00e9gal pour la vue que pour vos papilles, sans oublier la fameuse \u00ab\u00a0Baguette de tradition\u00a0\u00bb. NOS ENGAGEMENTS QUALIT\u00c9 Au [&hellip;]<\/p>\n","protected":false},"author":1,"featured_media":0,"parent":0,"menu_order":0,"comment_status":"closed","ping_status":"closed","template":"","meta":[],"yoast_head":"<!-- This site is optimized with the Yoast SEO plugin v16.0.2 - https:\/\/yoast.com\/wordpress\/plugins\/seo\/ -->\n<title>Boulangerie Samba Hamadou<\/title>\n<meta name=\"description\" content=\"Au sein de nos boulangeries p\u00e2tisseries, nos produits sont fa\u00e7onn\u00e9s \u00e0 partir d\u2019une farine Label Rouge de qualit\u00e9 sans aucun additif. Pain complet, au levain, \u00e0 l\u2019abricot, aux noisettes, aux figues et aux noix.\" \/>\n<link rel=\"canonical\" href=\"https:\/\/www.sambahamadou.fr\/patisserie\/boulangerie\/\" \/>\n<meta property=\"og:locale\" content=\"fr_FR\" \/>\n<meta property=\"og:type\" content=\"article\" \/>\n<meta property=\"og:title\" content=\"Boulangerie Samba Hamadou\" \/>\n<meta property=\"og:description\" content=\"Au sein de nos boulangeries p\u00e2tisseries, nos produits sont fa\u00e7onn\u00e9s \u00e0 partir d\u2019une farine Label Rouge de qualit\u00e9 sans aucun additif. Pain complet, au levain, \u00e0 l\u2019abricot, aux noisettes, aux figues et aux noix.\" \/>\n<meta property=\"og:url\" content=\"https:\/\/www.sambahamadou.fr\/patisserie\/boulangerie\/\" \/>\n<meta property=\"og:site_name\" content=\"Samba Hamadou\" \/>\n<meta property=\"article:modified_time\" content=\"2019-09-03T13:58:58+00:00\" \/>\n<meta name=\"twitter:card\" content=\"summary_large_image\" \/>\n<meta name=\"twitter:label1\" content=\"Dur\u00e9e de lecture est.\">\n\t<meta name=\"twitter:data1\" content=\"1 minute\">\n<script type=\"application\/ld+json\" class=\"yoast-schema-graph\">{\"@context\":\"https:\/\/schema.org\",\"@graph\":[{\"@type\":\"WebSite\",\"@id\":\"https:\/\/www.sambahamadou.fr\/patisserie\/#website\",\"url\":\"https:\/\/www.sambahamadou.fr\/patisserie\/\",\"name\":\"Samba Hamadou\",\"description\":\"Boulanger p\\u00e2tissier artisan cr\\u00e9ateur\",\"potentialAction\":[{\"@type\":\"SearchAction\",\"target\":\"https:\/\/www.sambahamadou.fr\/patisserie\/?s={search_term_string}\",\"query-input\":\"required name=search_term_string\"}],\"inLanguage\":\"fr-FR\"},{\"@type\":\"WebPage\",\"@id\":\"https:\/\/www.sambahamadou.fr\/patisserie\/boulangerie\/#webpage\",\"url\":\"https:\/\/www.sambahamadou.fr\/patisserie\/boulangerie\/\",\"name\":\"Boulangerie Samba Hamadou\",\"isPartOf\":{\"@id\":\"https:\/\/www.sambahamadou.fr\/patisserie\/#website\"},\"datePublished\":\"2019-06-07T07:18:49+00:00\",\"dateModified\":\"2019-09-03T13:58:58+00:00\",\"description\":\"Au sein de nos boulangeries p\\u00e2tisseries, nos produits sont fa\\u00e7onn\\u00e9s \\u00e0 partir d\\u2019une farine Label Rouge de qualit\\u00e9 sans aucun additif. Pain complet, au levain, \\u00e0 l\\u2019abricot, aux noisettes, aux figues et aux noix.\",\"breadcrumb\":{\"@id\":\"https:\/\/www.sambahamadou.fr\/patisserie\/boulangerie\/#breadcrumb\"},\"inLanguage\":\"fr-FR\",\"potentialAction\":[{\"@type\":\"ReadAction\",\"target\":[\"https:\/\/www.sambahamadou.fr\/patisserie\/boulangerie\/\"]}]},{\"@type\":\"BreadcrumbList\",\"@id\":\"https:\/\/www.sambahamadou.fr\/patisserie\/boulangerie\/#breadcrumb\",\"itemListElement\":[{\"@type\":\"ListItem\",\"position\":1,\"item\":{\"@type\":\"WebPage\",\"@id\":\"https:\/\/www.sambahamadou.fr\/patisserie\/\",\"url\":\"https:\/\/www.sambahamadou.fr\/patisserie\/\",\"name\":\"Accueil\"}},{\"@type\":\"ListItem\",\"position\":2,\"item\":{\"@type\":\"WebPage\",\"@id\":\"https:\/\/www.sambahamadou.fr\/patisserie\/boulangerie\/\",\"url\":\"https:\/\/www.sambahamadou.fr\/patisserie\/boulangerie\/\",\"name\":\"Boulangerie\"}}]}]}<\/script>\n<!-- \/ Yoast SEO plugin. -->","_links":{"self":[{"href":"https:\/\/www.sambahamadou.fr\/patisserie\/wp-json\/wp\/v2\/pages\/497"}],"collection":[{"href":"https:\/\/www.sambahamadou.fr\/patisserie\/wp-json\/wp\/v2\/pages"}],"about":[{"href":"https:\/\/www.sambahamadou.fr\/patisserie\/wp-json\/wp\/v2\/types\/page"}],"author":[{"embeddable":true,"href":"https:\/\/www.sambahamadou.fr\/patisserie\/wp-json\/wp\/v2\/users\/1"}],"replies":[{"embeddable":true,"href":"https:\/\/www.sambahamadou.fr\/patisserie\/wp-json\/wp\/v2\/comments?post=497"}],"version-history":[{"count":35,"href":"https:\/\/www.sambahamadou.fr\/patisserie\/wp-json\/wp\/v2\/pages\/497\/revisions"}],"predecessor-version":[{"id":690,"href":"https:\/\/www.sambahamadou.fr\/patisserie\/wp-json\/wp\/v2\/pages\/497\/revisions\/690"}],"wp:attachment":[{"href":"https:\/\/www.sambahamadou.fr\/patisserie\/wp-json\/wp\/v2\/media?parent=497"}],"curies":[{"name":"wp","href":"https:\/\/api.w.org\/{rel}","templated":true}]}}