{"id":481,"date":"2019-06-07T08:58:14","date_gmt":"2019-06-07T06:58:14","guid":{"rendered":"https:\/\/www.sambahamadou.fr\/patisserie\/?page_id=481"},"modified":"2019-08-29T09:54:22","modified_gmt":"2019-08-29T07:54:22","slug":"patissier","status":"publish","type":"page","link":"https:\/\/www.sambahamadou.fr\/patisserie\/patissier\/","title":{"rendered":"Patissier"},"content":{"rendered":"<p>[vc_section el_name=\u00a0\u00bbAbout Us\u00a0\u00bb][vc_row equal_height=\u00a0\u00bbyes\u00a0\u00bb content_placement=\u00a0\u00bbtop\u00a0\u00bb][vc_column width=\u00a0\u00bb1\/2&Prime;]<div class=\"wpb_content_element \"><style type=\"text\/css\">#ut_header_69f4ebf1447ec.pt-style-2 .page-title span:after, #ut_header_69f4ebf1447ec.pt-style-2 .parallax-title span:after, #ut_header_69f4ebf1447ec.pt-style-2 .section-title span:after {background-color:!important;height: ;width: ;}<\/style><header id=\"ut_header_69f4ebf1447ec\" class=\"section-header ut-no-title-linebreak-mobile ut-no-lead-linebreak-mobile pt-style-2 header-left header-tablet-left header-mobile-center element-with-custom-line-height\"><div class=\"element-with-custom-line-height\" ><h2 data-title=\"La p\u00e2tisserie\"  class=\"section-title  \"><span>La p\u00e2tisserie<\/span><\/h2><\/div><\/header><\/div>[\/vc_column][vc_column width=\u00a0\u00bb1\/2&Prime;][vc_column_text el_class=\u00a0\u00bbjustifier\u00a0\u00bb]Succombez aux plaisirs sucr\u00e9s et \u00e9veillez vos sens avec nos petites douceurs.<\/p>\n<p>Reconnue pour son savoir-faire artisanal et la qualit\u00e9 de ses mets, nous imaginons quatre fois par an, de nouvelles surprises gr\u00e2ce aux fruits et saveurs des saisons, des p\u00e2tisseries \u00e0 la fois gourmandes, color\u00e9es et d\u00e9licates.<\/p>\n<p>Nous vous invitons \u00e0 d\u00e9couvrir ces d\u00e9licieuses p\u00e2tisseries aux recettes \u00e9tonnantes et de saison mais aussi nos traditionnels \u00e9clairs d\u00e9licatement glac\u00e9s, tartes Tatin, Paris-Brest, clafoutis \u2026 nos d\u00e9licieuses tartelettes et autres cr\u00e9ations de nos talentueux p\u00e2tissiers.<\/p>\n<p>Nos cr\u00e9ations p\u00e2tissi\u00e8res rivalisent de beaut\u00e9 et de gourmandise.[\/vc_column_text][\/vc_column][\/vc_row][vc_row full_width=\u00a0\u00bbstretch_row_content_no_spaces\u00a0\u00bb][vc_column]<div class=\"wpb_content_element ut-gallery-40  clearfix\"><style type=\"text\/css\">#ut_ig_69f4ebf144be9 .ut-lazy:not(.ut-image-loaded) + .ut-video-module-loading { display:block; }#ut_ig_69f4ebf144be9 .ut-lazy.ut-image-loaded + .ut-video-module-loading { display:none; }#ut_ig_69f4ebf144be9 .ut-animate-gallery-element { opacity: 0; }#ut_ig_69f4ebf144be9 .ut-gallery-slider-caption { font-weight: bold; }#ut_ig_69f4ebf144be9 .sk-fading-circle .sk-circle::before { background-color: rgba(21,21,21,0.5); }<\/style><div id=\"ut_ig_69f4ebf144be9\" class=\"ut-image-gallery ut-image-gallery-module  ut-image-gallery-40 clearfix\" data-settings=\"{&quot;animate&quot;:true,&quot;effect&quot;:&quot;fadeIn&quot;,&quot;lazy&quot;:true,&quot;delay_animation&quot;:true,&quot;global_delay_animation&quot;:false,&quot;delay_timer&quot;:&quot;50&quot;,&quot;global_delay_timer&quot;:100}\"><div data-effect=\"fadeIn\" data-animateonce=\"yes\" data-count=\"6\" class=\"ut-image-gallery-item ut-animate-gallery-element animated ut-no-animation-tablet ut-no-animation-mobile  grid-33 tablet-grid-33 mobile-grid-100 \"><a  class=\"ut-vc-images-lightbox ut-vc-images-lightbox-group-image \" data-sub-html=\"#ut-image-caption-484\" data-exthumbimage=\"https:\/\/www.sambahamadou.fr\/patisserie\/wp-content\/uploads\/2019\/06\/PAGE_PATISSERIE_1.jpg\" href=\"https:\/\/www.sambahamadou.fr\/patisserie\/wp-content\/uploads\/2019\/06\/PAGE_PATISSERIE_1.jpg\" ><div class=\"ut-image-gallery-image\" ><img  class=\" ut-lazy skip-lazy\" src=\"data:image\/svg+xml;charset=utf-8,%3Csvg xmlns%3D'http%3A%2F%2Fwww.w3.org%2F2000%2Fsvg' viewBox%3D'0 0 1300 867'%2F%3E\" data-src=\"https:\/\/www.sambahamadou.fr\/patisserie\/wp-content\/uploads\/2019\/06\/PAGE_PATISSERIE_1-1300x867.jpg\" width=\"1300\" height=\"867\"><div class=\"ut-video-module-loading\"><div class=\"sk-fading-circle\"><div class=\"sk-circle1 sk-circle\"><\/div><div class=\"sk-circle2 sk-circle\"><\/div><div class=\"sk-circle3 sk-circle\"><\/div><div class=\"sk-circle4 sk-circle\"><\/div><div class=\"sk-circle5 sk-circle\"><\/div><div class=\"sk-circle6 sk-circle\"><\/div><div class=\"sk-circle7 sk-circle\"><\/div><div class=\"sk-circle8 sk-circle\"><\/div><div class=\"sk-circle9 sk-circle\"><\/div><div class=\"sk-circle10 sk-circle\"><\/div><div class=\"sk-circle11 sk-circle\"><\/div><div class=\"sk-circle12 sk-circle\"><\/div><\/div><\/div><\/div><div id=\"ut-image-caption-484\" class=\"ut-vc-images-lightbox-caption\">Nos vari\u00e9t\u00e9s d'\u00e9clairs<\/div><\/a><div class=\"ut-gallery-slider-caption\">Nos vari\u00e9t\u00e9s d'\u00e9clairs<\/div><\/div><div data-effect=\"fadeIn\" data-animateonce=\"yes\" data-count=\"6\" class=\"ut-image-gallery-item ut-animate-gallery-element animated ut-no-animation-tablet ut-no-animation-mobile   grid-33 tablet-grid-33 mobile-grid-100 \"><a  class=\"ut-vc-images-lightbox ut-vc-images-lightbox-group-image \" data-sub-html=\"#ut-image-caption-485\" data-exthumbimage=\"https:\/\/www.sambahamadou.fr\/patisserie\/wp-content\/uploads\/2019\/06\/PAGE_PATISSERIE_2.jpg\" href=\"https:\/\/www.sambahamadou.fr\/patisserie\/wp-content\/uploads\/2019\/06\/PAGE_PATISSERIE_2.jpg\" ><div class=\"ut-image-gallery-image\" ><img  class=\" ut-lazy skip-lazy\" src=\"data:image\/svg+xml;charset=utf-8,%3Csvg xmlns%3D'http%3A%2F%2Fwww.w3.org%2F2000%2Fsvg' viewBox%3D'0 0 1300 867'%2F%3E\" data-src=\"https:\/\/www.sambahamadou.fr\/patisserie\/wp-content\/uploads\/2019\/06\/PAGE_PATISSERIE_2-1300x867.jpg\" width=\"1300\" height=\"867\"><div class=\"ut-video-module-loading\"><div class=\"sk-fading-circle\"><div class=\"sk-circle1 sk-circle\"><\/div><div class=\"sk-circle2 sk-circle\"><\/div><div class=\"sk-circle3 sk-circle\"><\/div><div class=\"sk-circle4 sk-circle\"><\/div><div class=\"sk-circle5 sk-circle\"><\/div><div class=\"sk-circle6 sk-circle\"><\/div><div class=\"sk-circle7 sk-circle\"><\/div><div class=\"sk-circle8 sk-circle\"><\/div><div class=\"sk-circle9 sk-circle\"><\/div><div class=\"sk-circle10 sk-circle\"><\/div><div class=\"sk-circle11 sk-circle\"><\/div><div class=\"sk-circle12 sk-circle\"><\/div><\/div><\/div><\/div><div id=\"ut-image-caption-485\" class=\"ut-vc-images-lightbox-caption\">Les tartelettes framboises - pistaches<\/div><\/a><div class=\"ut-gallery-slider-caption\">Les tartelettes framboises - pistaches<\/div><\/div><div data-effect=\"fadeIn\" data-animateonce=\"yes\" data-count=\"3\" class=\"ut-image-gallery-item ut-animate-gallery-element animated ut-no-animation-tablet ut-no-animation-mobile    grid-33 tablet-grid-33 mobile-grid-100 ut-tablet-last ut-desktop-last\"><a  class=\"ut-vc-images-lightbox ut-vc-images-lightbox-group-image \" data-sub-html=\"#ut-image-caption-486\" data-exthumbimage=\"https:\/\/www.sambahamadou.fr\/patisserie\/wp-content\/uploads\/2019\/06\/PAGE_PATISSERIE_3.jpg\" href=\"https:\/\/www.sambahamadou.fr\/patisserie\/wp-content\/uploads\/2019\/06\/PAGE_PATISSERIE_3.jpg\" ><div class=\"ut-image-gallery-image\" ><img  class=\" ut-lazy skip-lazy\" src=\"data:image\/svg+xml;charset=utf-8,%3Csvg xmlns%3D'http%3A%2F%2Fwww.w3.org%2F2000%2Fsvg' viewBox%3D'0 0 1300 867'%2F%3E\" data-src=\"https:\/\/www.sambahamadou.fr\/patisserie\/wp-content\/uploads\/2019\/06\/PAGE_PATISSERIE_3-1300x867.jpg\" width=\"1300\" height=\"867\"><div class=\"ut-video-module-loading\"><div class=\"sk-fading-circle\"><div class=\"sk-circle1 sk-circle\"><\/div><div class=\"sk-circle2 sk-circle\"><\/div><div class=\"sk-circle3 sk-circle\"><\/div><div class=\"sk-circle4 sk-circle\"><\/div><div class=\"sk-circle5 sk-circle\"><\/div><div class=\"sk-circle6 sk-circle\"><\/div><div class=\"sk-circle7 sk-circle\"><\/div><div class=\"sk-circle8 sk-circle\"><\/div><div class=\"sk-circle9 sk-circle\"><\/div><div class=\"sk-circle10 sk-circle\"><\/div><div class=\"sk-circle11 sk-circle\"><\/div><div class=\"sk-circle12 sk-circle\"><\/div><\/div><\/div><\/div><div id=\"ut-image-caption-486\" class=\"ut-vc-images-lightbox-caption\">Les \u00e9clairs chocolats ou sp\u00e9culos<\/div><\/a><div class=\"ut-gallery-slider-caption\">Les \u00e9clairs chocolats ou sp\u00e9culos<\/div><\/div><div class=\"clear hide-on-tablet\"><\/div><div data-effect=\"fadeIn\" data-animateonce=\"yes\" data-count=\"3\" class=\"ut-image-gallery-item ut-animate-gallery-element animated ut-no-animation-tablet ut-no-animation-mobile     grid-33 tablet-grid-33 mobile-grid-100 \"><a  class=\"ut-vc-images-lightbox ut-vc-images-lightbox-group-image \" data-sub-html=\"#ut-image-caption-487\" data-exthumbimage=\"https:\/\/www.sambahamadou.fr\/patisserie\/wp-content\/uploads\/2019\/06\/PAGE_PATISSERIE_4.jpg\" href=\"https:\/\/www.sambahamadou.fr\/patisserie\/wp-content\/uploads\/2019\/06\/PAGE_PATISSERIE_4.jpg\" ><div class=\"ut-image-gallery-image\" ><img  class=\" ut-lazy skip-lazy\" src=\"data:image\/svg+xml;charset=utf-8,%3Csvg xmlns%3D'http%3A%2F%2Fwww.w3.org%2F2000%2Fsvg' viewBox%3D'0 0 1300 867'%2F%3E\" data-src=\"https:\/\/www.sambahamadou.fr\/patisserie\/wp-content\/uploads\/2019\/06\/PAGE_PATISSERIE_4-1300x867.jpg\" width=\"1300\" height=\"867\"><div class=\"ut-video-module-loading\"><div class=\"sk-fading-circle\"><div class=\"sk-circle1 sk-circle\"><\/div><div class=\"sk-circle2 sk-circle\"><\/div><div class=\"sk-circle3 sk-circle\"><\/div><div class=\"sk-circle4 sk-circle\"><\/div><div class=\"sk-circle5 sk-circle\"><\/div><div class=\"sk-circle6 sk-circle\"><\/div><div class=\"sk-circle7 sk-circle\"><\/div><div class=\"sk-circle8 sk-circle\"><\/div><div class=\"sk-circle9 sk-circle\"><\/div><div class=\"sk-circle10 sk-circle\"><\/div><div class=\"sk-circle11 sk-circle\"><\/div><div class=\"sk-circle12 sk-circle\"><\/div><\/div><\/div><\/div><div id=\"ut-image-caption-487\" class=\"ut-vc-images-lightbox-caption\">Les tartelettes chocolat - noisettes<\/div><\/a><div class=\"ut-gallery-slider-caption\">Les tartelettes chocolat - noisettes<\/div><\/div><div data-effect=\"fadeIn\" data-animateonce=\"yes\" data-count=\"3\" class=\"ut-image-gallery-item ut-animate-gallery-element animated ut-no-animation-tablet ut-no-animation-mobile      grid-33 tablet-grid-33 mobile-grid-100 \"><a  class=\"ut-vc-images-lightbox ut-vc-images-lightbox-group-image \" data-sub-html=\"#ut-image-caption-489\" data-exthumbimage=\"https:\/\/www.sambahamadou.fr\/patisserie\/wp-content\/uploads\/2019\/06\/PAGE_PATISSERIE_6.jpg\" href=\"https:\/\/www.sambahamadou.fr\/patisserie\/wp-content\/uploads\/2019\/06\/PAGE_PATISSERIE_6.jpg\" ><div class=\"ut-image-gallery-image\" ><img  class=\" ut-lazy skip-lazy\" src=\"data:image\/svg+xml;charset=utf-8,%3Csvg xmlns%3D'http%3A%2F%2Fwww.w3.org%2F2000%2Fsvg' viewBox%3D'0 0 1300 867'%2F%3E\" data-src=\"https:\/\/www.sambahamadou.fr\/patisserie\/wp-content\/uploads\/2019\/06\/PAGE_PATISSERIE_6-1300x867.jpg\" width=\"1300\" height=\"867\"><div class=\"ut-video-module-loading\"><div class=\"sk-fading-circle\"><div class=\"sk-circle1 sk-circle\"><\/div><div class=\"sk-circle2 sk-circle\"><\/div><div class=\"sk-circle3 sk-circle\"><\/div><div class=\"sk-circle4 sk-circle\"><\/div><div class=\"sk-circle5 sk-circle\"><\/div><div class=\"sk-circle6 sk-circle\"><\/div><div class=\"sk-circle7 sk-circle\"><\/div><div class=\"sk-circle8 sk-circle\"><\/div><div class=\"sk-circle9 sk-circle\"><\/div><div class=\"sk-circle10 sk-circle\"><\/div><div class=\"sk-circle11 sk-circle\"><\/div><div class=\"sk-circle12 sk-circle\"><\/div><\/div><\/div><\/div><div id=\"ut-image-caption-489\" class=\"ut-vc-images-lightbox-caption\">Les tartelettes aux fraises<\/div><\/a><div class=\"ut-gallery-slider-caption\">Les tartelettes aux fraises<\/div><\/div><div data-effect=\"fadeIn\" data-animateonce=\"yes\" data-count=\"3\" class=\"ut-image-gallery-item ut-animate-gallery-element animated ut-no-animation-tablet ut-no-animation-mobile       grid-33 tablet-grid-33 mobile-grid-100 \"><a  class=\"ut-vc-images-lightbox ut-vc-images-lightbox-group-image \" data-sub-html=\"#ut-image-caption-488\" data-exthumbimage=\"https:\/\/www.sambahamadou.fr\/patisserie\/wp-content\/uploads\/2019\/06\/PAGE_PATISSERIE_5.jpg\" href=\"https:\/\/www.sambahamadou.fr\/patisserie\/wp-content\/uploads\/2019\/06\/PAGE_PATISSERIE_5.jpg\" ><div class=\"ut-image-gallery-image\" ><img  class=\" ut-lazy skip-lazy\" src=\"data:image\/svg+xml;charset=utf-8,%3Csvg xmlns%3D'http%3A%2F%2Fwww.w3.org%2F2000%2Fsvg' viewBox%3D'0 0 1300 867'%2F%3E\" data-src=\"https:\/\/www.sambahamadou.fr\/patisserie\/wp-content\/uploads\/2019\/06\/PAGE_PATISSERIE_5-1300x867.jpg\" width=\"1300\" height=\"867\"><div class=\"ut-video-module-loading\"><div class=\"sk-fading-circle\"><div class=\"sk-circle1 sk-circle\"><\/div><div class=\"sk-circle2 sk-circle\"><\/div><div class=\"sk-circle3 sk-circle\"><\/div><div class=\"sk-circle4 sk-circle\"><\/div><div class=\"sk-circle5 sk-circle\"><\/div><div class=\"sk-circle6 sk-circle\"><\/div><div class=\"sk-circle7 sk-circle\"><\/div><div class=\"sk-circle8 sk-circle\"><\/div><div class=\"sk-circle9 sk-circle\"><\/div><div class=\"sk-circle10 sk-circle\"><\/div><div class=\"sk-circle11 sk-circle\"><\/div><div class=\"sk-circle12 sk-circle\"><\/div><\/div><\/div><\/div><div id=\"ut-image-caption-488\" class=\"ut-vc-images-lightbox-caption\">Les tartelettes citron meringu\u00e9es<\/div><\/a><div class=\"ut-gallery-slider-caption\">Les tartelettes citron meringu\u00e9es<\/div><\/div><div class=\"clear\"><\/div><\/div><\/div>[\/vc_column][\/vc_row][\/vc_section]<\/p>\n","protected":false},"excerpt":{"rendered":"<p>[vc_section el_name=\u00a0\u00bbAbout Us\u00a0\u00bb][vc_row equal_height=\u00a0\u00bbyes\u00a0\u00bb content_placement=\u00a0\u00bbtop\u00a0\u00bb][vc_column width=\u00a0\u00bb1\/2&Prime;][\/vc_column][vc_column width=\u00a0\u00bb1\/2&Prime;][vc_column_text el_class=\u00a0\u00bbjustifier\u00a0\u00bb]Succombez aux plaisirs sucr\u00e9s et \u00e9veillez vos sens avec nos petites douceurs. Reconnue pour son savoir-faire artisanal et la qualit\u00e9 de ses mets, nous imaginons quatre fois par an, de nouvelles surprises gr\u00e2ce aux fruits et saveurs des saisons, des p\u00e2tisseries \u00e0 la fois gourmandes, color\u00e9es et d\u00e9licates. [&hellip;]<\/p>\n","protected":false},"author":1,"featured_media":0,"parent":0,"menu_order":0,"comment_status":"closed","ping_status":"closed","template":"","meta":[],"yoast_head":"<!-- This site is optimized with the Yoast SEO plugin v16.0.2 - https:\/\/yoast.com\/wordpress\/plugins\/seo\/ -->\n<title>P\u00e2tisserie Samba Hamadou<\/title>\n<meta name=\"description\" content=\"P\u00e2tisseries aux recettes \u00e9tonnantes et de saison mais aussi nos traditionnels \u00e9clairs d\u00e9licatement glac\u00e9s, tartes Tatin, Paris-Brest, clafoutis. Nos cr\u00e9ations p\u00e2tissi\u00e8res rivalisent de beaut\u00e9 et de gourmandise.\" \/>\n<link rel=\"canonical\" href=\"https:\/\/www.sambahamadou.fr\/patisserie\/patissier\/\" \/>\n<meta property=\"og:locale\" content=\"fr_FR\" \/>\n<meta property=\"og:type\" content=\"article\" \/>\n<meta property=\"og:title\" content=\"P\u00e2tisserie Samba Hamadou\" \/>\n<meta property=\"og:description\" content=\"P\u00e2tisseries aux recettes \u00e9tonnantes et de saison mais aussi nos traditionnels \u00e9clairs d\u00e9licatement glac\u00e9s, tartes Tatin, Paris-Brest, clafoutis. Nos cr\u00e9ations p\u00e2tissi\u00e8res rivalisent de beaut\u00e9 et de gourmandise.\" \/>\n<meta property=\"og:url\" content=\"https:\/\/www.sambahamadou.fr\/patisserie\/patissier\/\" \/>\n<meta property=\"og:site_name\" content=\"Samba Hamadou\" \/>\n<meta property=\"article:modified_time\" content=\"2019-08-29T07:54:22+00:00\" \/>\n<meta name=\"twitter:card\" content=\"summary_large_image\" \/>\n<meta name=\"twitter:label1\" content=\"Dur\u00e9e de lecture est.\">\n\t<meta name=\"twitter:data1\" content=\"1 minute\">\n<script type=\"application\/ld+json\" class=\"yoast-schema-graph\">{\"@context\":\"https:\/\/schema.org\",\"@graph\":[{\"@type\":\"WebSite\",\"@id\":\"https:\/\/www.sambahamadou.fr\/patisserie\/#website\",\"url\":\"https:\/\/www.sambahamadou.fr\/patisserie\/\",\"name\":\"Samba Hamadou\",\"description\":\"Boulanger p\\u00e2tissier artisan cr\\u00e9ateur\",\"potentialAction\":[{\"@type\":\"SearchAction\",\"target\":\"https:\/\/www.sambahamadou.fr\/patisserie\/?s={search_term_string}\",\"query-input\":\"required name=search_term_string\"}],\"inLanguage\":\"fr-FR\"},{\"@type\":\"WebPage\",\"@id\":\"https:\/\/www.sambahamadou.fr\/patisserie\/patissier\/#webpage\",\"url\":\"https:\/\/www.sambahamadou.fr\/patisserie\/patissier\/\",\"name\":\"P\\u00e2tisserie Samba Hamadou\",\"isPartOf\":{\"@id\":\"https:\/\/www.sambahamadou.fr\/patisserie\/#website\"},\"datePublished\":\"2019-06-07T06:58:14+00:00\",\"dateModified\":\"2019-08-29T07:54:22+00:00\",\"description\":\"P\\u00e2tisseries aux recettes \\u00e9tonnantes et de saison mais aussi nos traditionnels \\u00e9clairs d\\u00e9licatement glac\\u00e9s, tartes Tatin, Paris-Brest, clafoutis. Nos cr\\u00e9ations p\\u00e2tissi\\u00e8res rivalisent de beaut\\u00e9 et de gourmandise.\",\"breadcrumb\":{\"@id\":\"https:\/\/www.sambahamadou.fr\/patisserie\/patissier\/#breadcrumb\"},\"inLanguage\":\"fr-FR\",\"potentialAction\":[{\"@type\":\"ReadAction\",\"target\":[\"https:\/\/www.sambahamadou.fr\/patisserie\/patissier\/\"]}]},{\"@type\":\"BreadcrumbList\",\"@id\":\"https:\/\/www.sambahamadou.fr\/patisserie\/patissier\/#breadcrumb\",\"itemListElement\":[{\"@type\":\"ListItem\",\"position\":1,\"item\":{\"@type\":\"WebPage\",\"@id\":\"https:\/\/www.sambahamadou.fr\/patisserie\/\",\"url\":\"https:\/\/www.sambahamadou.fr\/patisserie\/\",\"name\":\"Accueil\"}},{\"@type\":\"ListItem\",\"position\":2,\"item\":{\"@type\":\"WebPage\",\"@id\":\"https:\/\/www.sambahamadou.fr\/patisserie\/patissier\/\",\"url\":\"https:\/\/www.sambahamadou.fr\/patisserie\/patissier\/\",\"name\":\"Patissier\"}}]}]}<\/script>\n<!-- \/ Yoast SEO plugin. -->","_links":{"self":[{"href":"https:\/\/www.sambahamadou.fr\/patisserie\/wp-json\/wp\/v2\/pages\/481"}],"collection":[{"href":"https:\/\/www.sambahamadou.fr\/patisserie\/wp-json\/wp\/v2\/pages"}],"about":[{"href":"https:\/\/www.sambahamadou.fr\/patisserie\/wp-json\/wp\/v2\/types\/page"}],"author":[{"embeddable":true,"href":"https:\/\/www.sambahamadou.fr\/patisserie\/wp-json\/wp\/v2\/users\/1"}],"replies":[{"embeddable":true,"href":"https:\/\/www.sambahamadou.fr\/patisserie\/wp-json\/wp\/v2\/comments?post=481"}],"version-history":[{"count":18,"href":"https:\/\/www.sambahamadou.fr\/patisserie\/wp-json\/wp\/v2\/pages\/481\/revisions"}],"predecessor-version":[{"id":635,"href":"https:\/\/www.sambahamadou.fr\/patisserie\/wp-json\/wp\/v2\/pages\/481\/revisions\/635"}],"wp:attachment":[{"href":"https:\/\/www.sambahamadou.fr\/patisserie\/wp-json\/wp\/v2\/media?parent=481"}],"curies":[{"name":"wp","href":"https:\/\/api.w.org\/{rel}","templated":true}]}}